{"id":11,"date":"2019-10-07T14:06:30","date_gmt":"2019-10-07T14:06:30","guid":{"rendered":"https:\/\/metalli60com.test.cchosting.fi\/?page_id=11"},"modified":"2026-02-21T09:29:19","modified_gmt":"2026-02-21T09:29:19","slug":"etusivu","status":"publish","type":"page","link":"https:\/\/metalli60com.test.cchosting.fi\/","title":{"rendered":"Etusivu"},"content":{"rendered":"<h3>Kuopion Teollisuuden ty\u00f6ntekij\u00e4t ry<\/h3>\n<p>Kuopion Teollisuuden ty\u00f6ntekij\u00e4t ry on Teollisuusliiton ammattiosasto.<\/p>\n<p><strong>Ammattiosaston toimisto<\/strong><\/p>\n<h6>Toimisto on auki perjantaisin klo 15.00-17.00 (ei juhlapyhin\u00e4).<\/h6>\n<p>&nbsp;<\/p>\n<h6>Puh. 044 2478228. numeroon voi laittaa whatsapp viesti\u00e4. p\u00e4ivyst\u00e4j\u00e4 vastaa viesteihin p\u00e4ivystys aikaan.<\/h6>\n<h6><\/h6>\n<p>Puhelimeen vastataan toimiston aukiolo aikana.<\/p>\n<h6><\/h6>\n<p><iframe loading=\"lazy\" style=\"border: 0;\" src=\"https:\/\/www.google.com\/maps\/embed?pb=!1m18!1m12!1m3!1d1817.9483450678358!2d27.681822816267402!3d62.89343542732632!2m3!1f0!2f0!3f0!3m2!1i1024!2i768!4f13.1!3m3!1m2!1s0x4684b08a3eac0c25%3A0xb921bc8c4491754b!2sTulliportinkatu%2026%2C%2070100%20Kuopio!5e0!3m2!1sfi!2sfi!4v1571043590010!5m2!1sfi!2sfi\" width=\"95%\" height=\"250\" frameborder=\"0\" allowfullscreen=\"allowfullscreen\"><\/iframe><\/p>\n<h6>Toimistolle p\u00e4\u00e4see painamalla summeria METALLI 60<\/h6>\n<p><img loading=\"lazy\" decoding=\"async\" class=\"alignnone size-medium wp-image-749\" src=\"http:\/\/metalli60.com\/wp-content\/uploads\/2024\/10\/toimiston-ovi-225x300.jpg\" alt=\"\" width=\"225\" height=\"300\" srcset=\"https:\/\/metalli60com.test.cchosting.fi\/wp-content\/uploads\/2024\/10\/toimiston-ovi-225x300.jpg 225w, https:\/\/metalli60com.test.cchosting.fi\/wp-content\/uploads\/2024\/10\/toimiston-ovi-768x1024.jpg 768w, https:\/\/metalli60com.test.cchosting.fi\/wp-content\/uploads\/2024\/10\/toimiston-ovi-1152x1536.jpg 1152w, https:\/\/metalli60com.test.cchosting.fi\/wp-content\/uploads\/2024\/10\/toimiston-ovi-1536x2048.jpg 1536w, https:\/\/metalli60com.test.cchosting.fi\/wp-content\/uploads\/2024\/10\/toimiston-ovi-150x200.jpg 150w, https:\/\/metalli60com.test.cchosting.fi\/wp-content\/uploads\/2024\/10\/toimiston-ovi-scaled.jpg 1920w\" sizes=\"auto, (max-width: 225px) 100vw, 225px\" \/> <img loading=\"lazy\" decoding=\"async\" class=\"alignnone size-medium wp-image-750\" src=\"http:\/\/metalli60.com\/wp-content\/uploads\/2024\/10\/IMG20241014105931-225x300.jpg\" alt=\"\" width=\"225\" height=\"300\" srcset=\"https:\/\/metalli60com.test.cchosting.fi\/wp-content\/uploads\/2024\/10\/IMG20241014105931-225x300.jpg 225w, https:\/\/metalli60com.test.cchosting.fi\/wp-content\/uploads\/2024\/10\/IMG20241014105931-768x1024.jpg 768w, https:\/\/metalli60com.test.cchosting.fi\/wp-content\/uploads\/2024\/10\/IMG20241014105931-1152x1536.jpg 1152w, https:\/\/metalli60com.test.cchosting.fi\/wp-content\/uploads\/2024\/10\/IMG20241014105931-1536x2048.jpg 1536w, https:\/\/metalli60com.test.cchosting.fi\/wp-content\/uploads\/2024\/10\/IMG20241014105931-150x200.jpg 150w, https:\/\/metalli60com.test.cchosting.fi\/wp-content\/uploads\/2024\/10\/IMG20241014105931-scaled.jpg 1920w\" sizes=\"auto, (max-width: 225px) 100vw, 225px\" \/><\/p>\n","protected":false},"excerpt":{"rendered":"<p>Kuopion Teollisuuden ty\u00f6ntekij\u00e4t ry Kuopion Teollisuuden ty\u00f6ntekij\u00e4t ry on Teollisuusliiton ammattiosasto. Ammattiosaston toimisto Toimisto on auki perjantaisin klo 15.00-17.00 (ei juhlapyhin\u00e4). &nbsp; Puh. 044 2478228. numeroon voi laittaa whatsapp viesti\u00e4. p\u00e4ivyst\u00e4j\u00e4 vastaa viesteihin p\u00e4ivystys aikaan. Puhelimeen vastataan toimiston aukiolo aikana. Toimistolle p\u00e4\u00e4see painamalla summeria METALLI 60<\/p>\n","protected":false},"author":1,"featured_media":224,"parent":0,"menu_order":0,"comment_status":"closed","ping_status":"closed","template":"","meta":{"footnotes":""},"class_list":["post-11","page","type-page","status-publish","has-post-thumbnail","hentry"],"_links":{"self":[{"href":"https:\/\/metalli60com.test.cchosting.fi\/index.php?rest_route=\/wp\/v2\/pages\/11","targetHints":{"allow":["GET"]}}],"collection":[{"href":"https:\/\/metalli60com.test.cchosting.fi\/index.php?rest_route=\/wp\/v2\/pages"}],"about":[{"href":"https:\/\/metalli60com.test.cchosting.fi\/index.php?rest_route=\/wp\/v2\/types\/page"}],"author":[{"embeddable":true,"href":"https:\/\/metalli60com.test.cchosting.fi\/index.php?rest_route=\/wp\/v2\/users\/1"}],"replies":[{"embeddable":true,"href":"https:\/\/metalli60com.test.cchosting.fi\/index.php?rest_route=%2Fwp%2Fv2%2Fcomments&post=11"}],"version-history":[{"count":46,"href":"https:\/\/metalli60com.test.cchosting.fi\/index.php?rest_route=\/wp\/v2\/pages\/11\/revisions"}],"predecessor-version":[{"id":875,"href":"https:\/\/metalli60com.test.cchosting.fi\/index.php?rest_route=\/wp\/v2\/pages\/11\/revisions\/875"}],"wp:featuredmedia":[{"embeddable":true,"href":"https:\/\/metalli60com.test.cchosting.fi\/index.php?rest_route=\/wp\/v2\/media\/224"}],"wp:attachment":[{"href":"https:\/\/metalli60com.test.cchosting.fi\/index.php?rest_route=%2Fwp%2Fv2%2Fmedia&parent=11"}],"curies":[{"name":"wp","href":"https:\/\/api.w.org\/{rel}","templated":true}]}}